{"id":197,"date":"2016-11-08T10:22:01","date_gmt":"2016-11-08T09:22:01","guid":{"rendered":"http:\/\/www.bergrettung-knittelfeld.at\/?page_id=197"},"modified":"2022-12-03T12:07:33","modified_gmt":"2022-12-03T11:07:33","slug":"foerderer-werden","status":"publish","type":"page","link":"https:\/\/www.bergrettung-knittelfeld.at\/?page_id=197","title":{"rendered":"F\u00f6rderer werden"},"content":{"rendered":"<p>F\u00fcr nur <strong>\u20ac 28,\u2013 im Jahr<\/strong> \u00fcbernimmt die steirische Bergrettung f\u00fcr Dich und<br \/>\nDeine Familie im Notfall anfallende Such- und Bergungskosten.<br \/>\nDurch Deinen F\u00f6rdererbeitrag unterst\u00fctzt Du die Ausbildung der Mannschaft<br \/>\nund Ma\u00dfnahmen zur Durchf\u00fchrung der Rettungseins\u00e4tze.<\/p>\n<p>Der bequemste Weg, um F\u00f6rderer zu werden, ist online, \u00fcber die <a href=\"https:\/\/www.bergrettung-stmk.at\/portfolio\/foerderer\/\">F\u00f6rdererseite der steirischen Bergrettung.<\/a> Bitte nicht vergessen, dort im Kommentarfeld &#8222;Bergrettung Knittelfeld&#8220; anzugeben.<\/p>\n<p>Wenn du per Erlagschein F\u00f6rderer unserer Ortsstelle werden willst, dann kontaktiere bitte unsere Ortsstelle per E-Mail unter: <a class=\"halo-link\" role=\"button\" href=\"https:\/\/webmail.mymagenta.at\/appsuite\/signin#\"><span class=\"person-link person-from ellipsis\">knittelfeld@bergrettung-stmk.at<\/span><\/a> oder unseren Ortsstellenleiter Werner Koch (Krebsengasse 55, 8720 Knittelfeld, 0660 6589666). Du bekommst dann unser F\u00f6rdererheft und einen Erlagschein zugesandt. Danke!<\/p>\n<p><strong>Unseren langj\u00e4hrigen F\u00f6rderern danken wir ganz herzlich!<\/strong><\/p>\n","protected":false},"excerpt":{"rendered":"<p>F\u00fcr nur \u20ac 28,\u2013 im Jahr \u00fcbernimmt die steirische Bergrettung f\u00fcr Dich und Deine Familie im Notfall anfallende Such- und Bergungskosten. Durch Deinen F\u00f6rdererbeitrag unterst\u00fctzt Du die Ausbildung der Mannschaft und Ma\u00dfnahmen zur Durchf\u00fchrung der Rettungseins\u00e4tze. Der bequemste Weg, um F\u00f6rderer zu werden, ist online, \u00fcber die F\u00f6rdererseite der steirischen Bergrettung. Bitte nicht vergessen, dort [&hellip;]<\/p>\n","protected":false},"author":2,"featured_media":0,"parent":0,"menu_order":4,"comment_status":"closed","ping_status":"closed","template":"","meta":{"footnotes":""},"class_list":["post-197","page","type-page","status-publish","hentry","post-preview"],"_links":{"self":[{"href":"https:\/\/www.bergrettung-knittelfeld.at\/index.php?rest_route=\/wp\/v2\/pages\/197","targetHints":{"allow":["GET"]}}],"collection":[{"href":"https:\/\/www.bergrettung-knittelfeld.at\/index.php?rest_route=\/wp\/v2\/pages"}],"about":[{"href":"https:\/\/www.bergrettung-knittelfeld.at\/index.php?rest_route=\/wp\/v2\/types\/page"}],"author":[{"embeddable":true,"href":"https:\/\/www.bergrettung-knittelfeld.at\/index.php?rest_route=\/wp\/v2\/users\/2"}],"replies":[{"embeddable":true,"href":"https:\/\/www.bergrettung-knittelfeld.at\/index.php?rest_route=%2Fwp%2Fv2%2Fcomments&post=197"}],"version-history":[{"count":6,"href":"https:\/\/www.bergrettung-knittelfeld.at\/index.php?rest_route=\/wp\/v2\/pages\/197\/revisions"}],"predecessor-version":[{"id":774,"href":"https:\/\/www.bergrettung-knittelfeld.at\/index.php?rest_route=\/wp\/v2\/pages\/197\/revisions\/774"}],"wp:attachment":[{"href":"https:\/\/www.bergrettung-knittelfeld.at\/index.php?rest_route=%2Fwp%2Fv2%2Fmedia&parent=197"}],"curies":[{"name":"wp","href":"https:\/\/api.w.org\/{rel}","templated":true}]}}