{"id":193,"date":"2016-11-08T10:04:20","date_gmt":"2016-11-08T09:04:20","guid":{"rendered":"http:\/\/www.bergrettung-knittelfeld.at\/?page_id=193"},"modified":"2016-11-11T09:42:55","modified_gmt":"2016-11-11T08:42:55","slug":"unsere-ortsstelle","status":"publish","type":"page","link":"https:\/\/www.bergrettung-knittelfeld.at\/?page_id=193","title":{"rendered":"Unsere Ortsstelle"},"content":{"rendered":"<p>Die Ortsstelle Knittelfeld wurde im Dezember 1945 von Herrn Severin\u00a0St\u00fcrzl gegr\u00fcndet. Wir leisten j\u00e4hrlich zwischen 800 und 1000 Einsatzstunden im Winterstreifendienst, bei Lawineneins\u00e4tzen und Sommerbergungen.<\/p>\n<p>Unser Einsatzgebiet umfasst den ehemaligen politischen Bezirk Knittelfeld. Der Schwerpunkt liegt in den Gaaler Tauern.<\/p>\n<div id=\"attachment_203\" style=\"width: 1672px\" class=\"wp-caption aligncenter\"><a href=\"http:\/\/www.bergrettung-knittelfeld.at\/wp-content\/uploads\/2016\/11\/GEBIETBezStmkmitRelief_2015.jpg\"><img loading=\"lazy\" decoding=\"async\" aria-describedby=\"caption-attachment-203\" class=\"wp-image-203 size-full\" src=\"http:\/\/www.bergrettung-knittelfeld.at\/wp-content\/uploads\/2016\/11\/GEBIETBezStmkmitRelief_2015-e1478600101251.jpg\" width=\"1662\" height=\"1085\" srcset=\"https:\/\/www.bergrettung-knittelfeld.at\/wp-content\/uploads\/2016\/11\/GEBIETBezStmkmitRelief_2015-e1478600101251.jpg 1662w, https:\/\/www.bergrettung-knittelfeld.at\/wp-content\/uploads\/2016\/11\/GEBIETBezStmkmitRelief_2015-e1478600101251-300x196.jpg 300w, https:\/\/www.bergrettung-knittelfeld.at\/wp-content\/uploads\/2016\/11\/GEBIETBezStmkmitRelief_2015-e1478600101251-768x501.jpg 768w, https:\/\/www.bergrettung-knittelfeld.at\/wp-content\/uploads\/2016\/11\/GEBIETBezStmkmitRelief_2015-e1478600101251-1024x668.jpg 1024w, https:\/\/www.bergrettung-knittelfeld.at\/wp-content\/uploads\/2016\/11\/GEBIETBezStmkmitRelief_2015-e1478600101251-676x441.jpg 676w, https:\/\/www.bergrettung-knittelfeld.at\/wp-content\/uploads\/2016\/11\/GEBIETBezStmkmitRelief_2015-e1478600101251-250x163.jpg 250w, https:\/\/www.bergrettung-knittelfeld.at\/wp-content\/uploads\/2016\/11\/GEBIETBezStmkmitRelief_2015-e1478600101251-550x359.jpg 550w, https:\/\/www.bergrettung-knittelfeld.at\/wp-content\/uploads\/2016\/11\/GEBIETBezStmkmitRelief_2015-e1478600101251-800x522.jpg 800w, https:\/\/www.bergrettung-knittelfeld.at\/wp-content\/uploads\/2016\/11\/GEBIETBezStmkmitRelief_2015-e1478600101251-276x180.jpg 276w, https:\/\/www.bergrettung-knittelfeld.at\/wp-content\/uploads\/2016\/11\/GEBIETBezStmkmitRelief_2015-e1478600101251-460x300.jpg 460w, https:\/\/www.bergrettung-knittelfeld.at\/wp-content\/uploads\/2016\/11\/GEBIETBezStmkmitRelief_2015-e1478600101251-766x500.jpg 766w\" sizes=\"auto, (max-width: 1662px) 100vw, 1662px\" \/><\/a><p id=\"caption-attachment-203\" class=\"wp-caption-text\">Ortsstelle Knittelfeld, Karte<\/p><\/div>\n<p>Organisatorisch geh\u00f6rt die Ortsstelle zum Gebiet Murtal, dieses umfasst ann\u00e4hernd den neuen\u00a0politischen Bezirk Murtal, mit den Ortsstellen Zeltweg,<a href=\"http:\/\/www.bergrettung-judenburg.at\/try2\/wb\/wb\/index.php\"> Judenburg <\/a>und <a href=\"http:\/\/www.bergrettung-poels.at\/\">P\u00f6ls<\/a>.<\/p>\n<p>&nbsp;<\/p>\n","protected":false},"excerpt":{"rendered":"<p>Die Ortsstelle Knittelfeld wurde im Dezember 1945 von Herrn Severin\u00a0St\u00fcrzl gegr\u00fcndet. Wir leisten j\u00e4hrlich zwischen 800 und 1000 Einsatzstunden im Winterstreifendienst, bei Lawineneins\u00e4tzen und Sommerbergungen. Unser Einsatzgebiet umfasst den ehemaligen politischen Bezirk Knittelfeld. Der Schwerpunkt liegt in den Gaaler Tauern. Organisatorisch geh\u00f6rt die Ortsstelle zum Gebiet Murtal, dieses umfasst ann\u00e4hernd den neuen\u00a0politischen Bezirk Murtal, mit [&hellip;]<\/p>\n","protected":false},"author":2,"featured_media":0,"parent":0,"menu_order":1,"comment_status":"closed","ping_status":"closed","template":"","meta":{"footnotes":""},"class_list":["post-193","page","type-page","status-publish","hentry","post-preview"],"_links":{"self":[{"href":"https:\/\/www.bergrettung-knittelfeld.at\/index.php?rest_route=\/wp\/v2\/pages\/193","targetHints":{"allow":["GET"]}}],"collection":[{"href":"https:\/\/www.bergrettung-knittelfeld.at\/index.php?rest_route=\/wp\/v2\/pages"}],"about":[{"href":"https:\/\/www.bergrettung-knittelfeld.at\/index.php?rest_route=\/wp\/v2\/types\/page"}],"author":[{"embeddable":true,"href":"https:\/\/www.bergrettung-knittelfeld.at\/index.php?rest_route=\/wp\/v2\/users\/2"}],"replies":[{"embeddable":true,"href":"https:\/\/www.bergrettung-knittelfeld.at\/index.php?rest_route=%2Fwp%2Fv2%2Fcomments&post=193"}],"version-history":[{"count":6,"href":"https:\/\/www.bergrettung-knittelfeld.at\/index.php?rest_route=\/wp\/v2\/pages\/193\/revisions"}],"predecessor-version":[{"id":229,"href":"https:\/\/www.bergrettung-knittelfeld.at\/index.php?rest_route=\/wp\/v2\/pages\/193\/revisions\/229"}],"wp:attachment":[{"href":"https:\/\/www.bergrettung-knittelfeld.at\/index.php?rest_route=%2Fwp%2Fv2%2Fmedia&parent=193"}],"curies":[{"name":"wp","href":"https:\/\/api.w.org\/{rel}","templated":true}]}}